{"id":2,"date":"2024-06-05T09:46:36","date_gmt":"2024-06-05T09:46:36","guid":{"rendered":"https:\/\/www.seniorenboerse-lustenau.at\/?page_id=2"},"modified":"2024-10-29T12:57:05","modified_gmt":"2024-10-29T12:57:05","slug":"sample-page","status":"publish","type":"page","link":"https:\/\/www.seniorenboerse-lustenau.at\/?page_id=2","title":{"rendered":"\u00dcber uns"},"content":{"rendered":"\n<div class=\"wp-block-group is-vertical is-content-justification-right is-layout-flex wp-container-core-group-is-layout-1 wp-block-group-is-layout-flex\">\n<figure class=\"wp-block-image size-full is-resized\"><img decoding=\"async\" src=\"https:\/\/www.seniorenboerse-lustenau.at\/wp-content\/uploads\/2024\/09\/Vorstand_02.jpg\" alt=\"Vorstand der Seniorenb\u00f6rse Lustenau\" class=\"wp-image-89\" style=\"width:650px\"\/><figcaption class=\"wp-element-caption\"><em><mark style=\"background-color:rgba(0, 0, 0, 0);color:#626262\" class=\"has-inline-color\">Vorstand (v.l.n.r.): Helmut Hagen, Heinz Kogler, Rosmarie Fellerer, Peter H\u00e4mmerle, Maura Pozzera, Herbert Eisen, Heinz Winkler, Stefan Felbar<\/mark><\/em><\/figcaption><\/figure>\n<\/div>\n\n\n\n<div class=\"wp-block-media-text is-stacked-on-mobile\" style=\"grid-template-columns:32% auto\"><figure class=\"wp-block-media-text__media\"><img decoding=\"async\" src=\"https:\/\/www.seniorenboerse-lustenau.at\/wp-content\/uploads\/2024\/09\/Portrait_01.jpg\" alt=\"Helmut Hagen Obmann\" class=\"wp-image-92 size-full\"\/><\/figure><div class=\"wp-block-media-text__content\">\n<p style=\"font-size:26px\">Helmut Hagen, Obmann<\/p>\n<\/div><\/div>\n\n\n\n<p><\/p>\n\n\n\n<div class=\"wp-block-media-text is-stacked-on-mobile\" style=\"grid-template-columns:32% auto\"><figure class=\"wp-block-media-text__media\"><img decoding=\"async\" src=\"https:\/\/www.seniorenboerse-lustenau.at\/wp-content\/uploads\/2024\/09\/Portrait_03.jpg\" alt=\"Maura Pozzera, Stellvertreterin\" class=\"wp-image-94 size-full\"\/><\/figure><div class=\"wp-block-media-text__content\">\n<p style=\"font-size:26px\">Maura Pozzera, Stellvertreterin<\/p>\n<\/div><\/div>\n\n\n\n<p><\/p>\n\n\n\n<div class=\"wp-block-media-text is-stacked-on-mobile\" style=\"grid-template-columns:32% auto\"><figure class=\"wp-block-media-text__media\"><img decoding=\"async\" src=\"https:\/\/www.seniorenboerse-lustenau.at\/wp-content\/uploads\/2024\/09\/Portrait_02.jpg\" alt=\"Herbert Eisen, Stellvertreter\" class=\"wp-image-95 size-full\"\/><\/figure><div class=\"wp-block-media-text__content\">\n<p style=\"font-size:26px\">Herbert Eisen, Stellvertreter<\/p>\n<\/div><\/div>\n\n\n\n<p><\/p>\n\n\n\n<div class=\"wp-block-media-text is-stacked-on-mobile\" style=\"grid-template-columns:32% auto\"><figure class=\"wp-block-media-text__media\"><img decoding=\"async\" src=\"https:\/\/www.seniorenboerse-lustenau.at\/wp-content\/uploads\/2024\/09\/Portrait_05.jpg\" alt=\"Heinz Winkler Schriftf\u00fchrer\" class=\"wp-image-96 size-full\"\/><\/figure><div class=\"wp-block-media-text__content\">\n<p style=\"font-size:26px\">Heinz Winkler, Schriftf\u00fchrer<\/p>\n<\/div><\/div>\n\n\n\n<p><\/p>\n\n\n\n<div class=\"wp-block-media-text is-stacked-on-mobile\" style=\"grid-template-columns:32% auto\"><figure class=\"wp-block-media-text__media\"><img decoding=\"async\" src=\"https:\/\/www.seniorenboerse-lustenau.at\/wp-content\/uploads\/2024\/09\/Portrait_04.jpg\" alt=\"Rosmarie Fellerer Kassierin\" class=\"wp-image-97 size-full\"\/><\/figure><div class=\"wp-block-media-text__content\">\n<p style=\"font-size:26px\">Rosmarie Fellerer, Kassierin<\/p>\n<\/div><\/div>\n\n\n\n<p><\/p>\n\n\n\n<div class=\"wp-block-media-text is-stacked-on-mobile\" style=\"grid-template-columns:32% auto\"><figure class=\"wp-block-media-text__media\"><img decoding=\"async\" src=\"https:\/\/www.seniorenboerse-lustenau.at\/wp-content\/uploads\/2024\/09\/Portrait_06.jpg\" alt=\"Stefan Felbar Beirat\" class=\"wp-image-98 size-full\"\/><\/figure><div class=\"wp-block-media-text__content\">\n<p style=\"font-size:26px\">Stefan Felbar, Beirat<\/p>\n<\/div><\/div>\n\n\n\n<p><\/p>\n\n\n\n<div class=\"wp-block-media-text is-stacked-on-mobile\" style=\"grid-template-columns:32% auto\"><figure class=\"wp-block-media-text__media\"><img decoding=\"async\" src=\"https:\/\/www.seniorenboerse-lustenau.at\/wp-content\/uploads\/2024\/09\/Portrait_07.jpg\" alt=\"Peter H\u00e4mmerle Beirat\" class=\"wp-image-99 size-full\"\/><\/figure><div class=\"wp-block-media-text__content\">\n<p style=\"font-size:26px\">Peter H\u00e4mmerle, Beirat<\/p>\n<\/div><\/div>\n\n\n\n<p><\/p>\n\n\n\n<div class=\"wp-block-media-text is-stacked-on-mobile\" style=\"grid-template-columns:32% auto\"><figure class=\"wp-block-media-text__media\"><img decoding=\"async\" src=\"https:\/\/www.seniorenboerse-lustenau.at\/wp-content\/uploads\/2024\/09\/Portrait_08.jpg\" alt=\"Heinz Kogler Beirat\" class=\"wp-image-101 size-full\"\/><\/figure><div class=\"wp-block-media-text__content\">\n<p style=\"font-size:26px\">Heinz Kogler, Beirat<\/p>\n<\/div><\/div>\n\n\n\n<p><\/p>\n\n\n\n<div class=\"wp-block-media-text is-stacked-on-mobile\" style=\"grid-template-columns:32% auto\"><figure class=\"wp-block-media-text__media\"><img loading=\"lazy\" decoding=\"async\" width=\"8256\" height=\"5504\" src=\"https:\/\/www.seniorenboerse-lustenau.at\/wp-content\/uploads\/2024\/10\/Marlies_Naehrer.jpg\" alt=\"\" class=\"wp-image-172 size-full\"\/><\/figure><div class=\"wp-block-media-text__content\">\n<p style=\"font-size:26px\">            Marlies N\u00e4hrer, Beir\u00e4tin<\/p>\n<\/div><\/div>\n\n\n\n<p><\/p>\n\n\n\n<p style=\"font-size:26px\">Seniorinnen und Senioren stellen ihre F\u00e4higkeiten und Fachkenntnisse anderen Seniorinnen und Senioren zur Verf\u00fcgung.<br>Sinn und Zweck dieser Einrichtung ist es, dass Seniorinnen und Senioren, die fallweise kleinere Hilfsdienste ben\u00f6tigen, diese von anderen Seniorinnen und Senioren erhalten.<\/p>\n\n\n\n<p style=\"font-size:26px\">Vermittlungsdienst f\u00fcr Hilfe und Freizeit wird geschaffen.<\/p>\n\n\n\n<p style=\"font-size:26px\">Mit der Seniorenb\u00f6rse soll der Kontakt unter den Seniorinnen und Senioren gef\u00f6rdert werden.<br>Bei entsprechenden Anfragen wird der Kontakt an eine oder einen Helfer oder Helferin vermittelt, der\/die, Dienstleistung erbringen soll.<br>Die Dienstleistung wird schlussendlich zwischen der<br>anfragenden Person und der Person, welche die<br>Dienstleistung erbringt, vereinbart.<\/p>\n\n\n\n<p style=\"font-size:26px\">Jahresmitgliedsbeitrag: \u20ac 15,- pro Haushalt<\/p>\n\n\n\n<p style=\"font-size:26px\">Eine Haftung jedweder Art durch den Vermittlungs-<br>dienst wird nicht \u00fcbernommen.<\/p>\n","protected":false},"excerpt":{"rendered":"<p>Helmut Hagen, Obmann Maura Pozzera, Stellvertreterin Herbert Eisen, Stellvertreter Heinz Winkler, Schriftf\u00fchrer Rosmarie Fellerer, Kassierin Stefan Felbar, Beirat Peter H\u00e4mmerle, Beirat Heinz Kogler, Beirat Marlies N\u00e4hrer, Beir\u00e4tin Seniorinnen und Senioren stellen ihre F\u00e4higkeiten und Fachkenntnisse anderen Seniorinnen und Senioren zur Verf\u00fcgung.Sinn und Zweck dieser Einrichtung ist es, dass Seniorinnen und Senioren, die fallweise kleinere Hilfsdienste [&hellip;]<\/p>\n","protected":false},"author":1,"featured_media":56,"parent":0,"menu_order":0,"comment_status":"closed","ping_status":"open","template":"","meta":{"footnotes":""},"class_list":["post-2","page","type-page","status-publish","has-post-thumbnail","hentry"],"_links":{"self":[{"href":"https:\/\/www.seniorenboerse-lustenau.at\/index.php?rest_route=\/wp\/v2\/pages\/2"}],"collection":[{"href":"https:\/\/www.seniorenboerse-lustenau.at\/index.php?rest_route=\/wp\/v2\/pages"}],"about":[{"href":"https:\/\/www.seniorenboerse-lustenau.at\/index.php?rest_route=\/wp\/v2\/types\/page"}],"author":[{"embeddable":true,"href":"https:\/\/www.seniorenboerse-lustenau.at\/index.php?rest_route=\/wp\/v2\/users\/1"}],"replies":[{"embeddable":true,"href":"https:\/\/www.seniorenboerse-lustenau.at\/index.php?rest_route=%2Fwp%2Fv2%2Fcomments&post=2"}],"version-history":[{"count":14,"href":"https:\/\/www.seniorenboerse-lustenau.at\/index.php?rest_route=\/wp\/v2\/pages\/2\/revisions"}],"predecessor-version":[{"id":174,"href":"https:\/\/www.seniorenboerse-lustenau.at\/index.php?rest_route=\/wp\/v2\/pages\/2\/revisions\/174"}],"wp:featuredmedia":[{"embeddable":true,"href":"https:\/\/www.seniorenboerse-lustenau.at\/index.php?rest_route=\/wp\/v2\/media\/56"}],"wp:attachment":[{"href":"https:\/\/www.seniorenboerse-lustenau.at\/index.php?rest_route=%2Fwp%2Fv2%2Fmedia&parent=2"}],"curies":[{"name":"wp","href":"https:\/\/api.w.org\/{rel}","templated":true}]}}