{"id":8,"date":"2024-06-05T10:31:22","date_gmt":"2024-06-05T10:31:22","guid":{"rendered":"https:\/\/www.seniorenboerse-lustenau.at\/?page_id=8"},"modified":"2024-08-26T16:49:02","modified_gmt":"2024-08-26T16:49:02","slug":"impressium","status":"publish","type":"page","link":"https:\/\/www.seniorenboerse-lustenau.at\/?page_id=8","title":{"rendered":"Impressum"},"content":{"rendered":"\n<h3 class=\"wp-block-heading\"><strong>Angaben gem\u00e4\u00df \u00a7 5 E-Commerce Gesetz<\/strong><\/h3>\n\n\n\n<p>Seniorenb\u00f6rse Lustenau<br>Sch\u00fctzengartenstra\u00dfe 10\/2<br>6890 Lustenau<\/p>\n\n\n\n<p>ZVR-Zahl 043504136<\/p>\n\n\n\n<p><strong>Vertreten durch den Obmann:<\/strong><br>Herr Helmut Hagen<\/p>\n\n\n\n<p><strong>Kontakt<\/strong><br>Tel.05577\/62974<br>E-Mail:&nbsp;<a href=\"javascript:linkTo_UnCryptMailto('ocknvq,qhhkegBugpkqtgpdqgtug\/nwuvgpcw0cv');\">office@seniorenboerse-lustenau.at<\/a><br>www.seniorenboerse-lustenau.at<\/p>\n\n\n\n<p><strong>Zust\u00e4ndige Beh\u00f6rde:<\/strong><br>Bezirkshauptmannschaft Dornbirn<\/p>\n","protected":false},"excerpt":{"rendered":"<p>Angaben gem\u00e4\u00df \u00a7 5 E-Commerce Gesetz Seniorenb\u00f6rse LustenauSch\u00fctzengartenstra\u00dfe 10\/26890 Lustenau ZVR-Zahl 043504136 Vertreten durch den Obmann:Herr Helmut Hagen KontaktTel.05577\/62974E-Mail:&nbsp;office@seniorenboerse-lustenau.atwww.seniorenboerse-lustenau.at Zust\u00e4ndige Beh\u00f6rde:Bezirkshauptmannschaft Dornbirn<\/p>\n","protected":false},"author":1,"featured_media":13,"parent":0,"menu_order":0,"comment_status":"closed","ping_status":"closed","template":"","meta":{"footnotes":""},"class_list":["post-8","page","type-page","status-publish","has-post-thumbnail","hentry"],"_links":{"self":[{"href":"https:\/\/www.seniorenboerse-lustenau.at\/index.php?rest_route=\/wp\/v2\/pages\/8"}],"collection":[{"href":"https:\/\/www.seniorenboerse-lustenau.at\/index.php?rest_route=\/wp\/v2\/pages"}],"about":[{"href":"https:\/\/www.seniorenboerse-lustenau.at\/index.php?rest_route=\/wp\/v2\/types\/page"}],"author":[{"embeddable":true,"href":"https:\/\/www.seniorenboerse-lustenau.at\/index.php?rest_route=\/wp\/v2\/users\/1"}],"replies":[{"embeddable":true,"href":"https:\/\/www.seniorenboerse-lustenau.at\/index.php?rest_route=%2Fwp%2Fv2%2Fcomments&post=8"}],"version-history":[{"count":2,"href":"https:\/\/www.seniorenboerse-lustenau.at\/index.php?rest_route=\/wp\/v2\/pages\/8\/revisions"}],"predecessor-version":[{"id":51,"href":"https:\/\/www.seniorenboerse-lustenau.at\/index.php?rest_route=\/wp\/v2\/pages\/8\/revisions\/51"}],"wp:featuredmedia":[{"embeddable":true,"href":"https:\/\/www.seniorenboerse-lustenau.at\/index.php?rest_route=\/wp\/v2\/media\/13"}],"wp:attachment":[{"href":"https:\/\/www.seniorenboerse-lustenau.at\/index.php?rest_route=%2Fwp%2Fv2%2Fmedia&parent=8"}],"curies":[{"name":"wp","href":"https:\/\/api.w.org\/{rel}","templated":true}]}}